{"id":2,"date":"2025-11-05T06:27:13","date_gmt":"2025-11-05T06:27:13","guid":{"rendered":"https:\/\/bronux.de\/?page_id=2"},"modified":"2025-11-05T09:10:46","modified_gmt":"2025-11-05T08:10:46","slug":"home","status":"publish","type":"page","link":"https:\/\/bronux.de\/","title":{"rendered":"Home"},"content":{"rendered":"\t\t<div data-elementor-type=\"wp-page\" data-elementor-id=\"2\" class=\"elementor elementor-2\">\n\t\t\t\t<div class=\"elementor-element elementor-element-1de157480 e-flex e-con-boxed wpr-jarallax-no wpr-parallax-no wpr-sticky-section-no wpr-equal-height-no e-con e-parent\" data-id=\"1de157480\" data-element_type=\"container\" data-e-type=\"container\" data-settings=\"{&quot;background_background&quot;:&quot;classic&quot;}\">\n\t\t\t\t\t<div class=\"e-con-inner\">\n\t\t\t\t<div class=\"elementor-element elementor-element-1247eaf5 wpr-advanced-text-style-animated wpr-fancy-text-typing wpr-animated-text-infinite-yes elementor-invisible elementor-widget elementor-widget-wpr-advanced-text\" data-id=\"1247eaf5\" data-element_type=\"widget\" data-e-type=\"widget\" data-settings=\"{&quot;_animation&quot;:&quot;zoomIn&quot;,&quot;anim_loop&quot;:&quot;yes&quot;}\" data-widget_type=\"wpr-advanced-text.default\">\n\t\t\t\t\t\n\t\t<h1 class=\"wpr-advanced-text\">\n\n\t\t\t\t\t\n\t\t\t\t\t\t\t<span class=\"wpr-advanced-text-preffix\">BRONUX<br><\/span>\n\t\t\t\n\t\t<span class=\"wpr-anim-text wpr-anim-text-type-typing wpr-anim-text-letters\" data-anim-duration=\"200,2000\" data-anim-loop=\"yes\">\n\t\t\t<span class=\"wpr-anim-text-inner\">\n\t\t\t\t\t\t\t\t\t<b>Analoge und Digitale<\/b>\n\t\t\t\t\t\t\t\t\t<b>Fotografie<\/b>\n\t\t\t\t\t\t\t<\/span>\n\t\t\t<span class=\"wpr-anim-text-cursor\">|<\/span>\t\t<\/span>\n\n\t\t\t\t\n\t\t<\/h1>\n\t\t\n\t\t\t\t\t\t<\/div>\n\t\t\t\t\t<\/div>\n\t\t\t\t<\/div>\n\t\t<div class=\"elementor-element elementor-element-2ab5c9c5 e-grid e-con-boxed wpr-particle-no wpr-jarallax-no wpr-parallax-no wpr-sticky-section-no wpr-equal-height-no e-con e-parent\" data-id=\"2ab5c9c5\" data-element_type=\"container\" data-e-type=\"container\">\n\t\t\t\t\t<div class=\"e-con-inner\">\n\t\t\t\t<div class=\"elementor-element elementor-element-24dc1c12 elementor-position-top elementor-invisible elementor-widget elementor-widget-image-box\" data-id=\"24dc1c12\" data-element_type=\"widget\" data-e-type=\"widget\" data-settings=\"{&quot;_animation&quot;:&quot;zoomIn&quot;}\" data-widget_type=\"image-box.default\">\n\t\t\t\t\t<div class=\"elementor-image-box-wrapper\"><figure class=\"elementor-image-box-img\"><a href=\"https:\/\/bronux.de\/?page_id=42\" tabindex=\"-1\"><img fetchpriority=\"high\" decoding=\"async\" width=\"729\" height=\"928\" src=\"https:\/\/bronux.de\/wp-content\/uploads\/2025\/11\/analog-title.png\" class=\"attachment-full size-full wp-image-38\" alt=\"\" srcset=\"https:\/\/bronux.de\/wp-content\/uploads\/2025\/11\/analog-title.png 729w, https:\/\/bronux.de\/wp-content\/uploads\/2025\/11\/analog-title-236x300.png 236w\" sizes=\"(max-width: 729px) 100vw, 729px\" \/><\/a><\/figure><div class=\"elementor-image-box-content\"><h3 class=\"elementor-image-box-title\"><a href=\"https:\/\/bronux.de\/?page_id=42\">Analoge Fotografie<\/a><\/h3><p class=\"elementor-image-box-description\">Hier findest du eine Auswahl meiner Fotos auf 35mm oder 120mm Film.<\/p><\/div><\/div>\t\t\t\t<\/div>\n\t\t\t\t<div class=\"elementor-element elementor-element-51ecbc97 elementor-position-top elementor-invisible elementor-widget elementor-widget-image-box\" data-id=\"51ecbc97\" data-element_type=\"widget\" data-e-type=\"widget\" data-settings=\"{&quot;_animation&quot;:&quot;zoomIn&quot;,&quot;_animation_delay&quot;:100}\" data-widget_type=\"image-box.default\">\n\t\t\t\t\t<div class=\"elementor-image-box-wrapper\"><figure class=\"elementor-image-box-img\"><a href=\"https:\/\/bronux.de\/?page_id=46\" tabindex=\"-1\"><img decoding=\"async\" width=\"729\" height=\"928\" src=\"https:\/\/bronux.de\/wp-content\/uploads\/2025\/11\/digital-title.png\" class=\"attachment-full size-full wp-image-37\" alt=\"\" srcset=\"https:\/\/bronux.de\/wp-content\/uploads\/2025\/11\/digital-title.png 729w, https:\/\/bronux.de\/wp-content\/uploads\/2025\/11\/digital-title-236x300.png 236w\" sizes=\"(max-width: 729px) 100vw, 729px\" \/><\/a><\/figure><div class=\"elementor-image-box-content\"><h3 class=\"elementor-image-box-title\"><a href=\"https:\/\/bronux.de\/?page_id=46\">Digitale Fotografie<\/a><\/h3><p class=\"elementor-image-box-description\">Hier findest du meine digitalen Galerien.<\/p><\/div><\/div>\t\t\t\t<\/div>\n\t\t\t\t<div class=\"elementor-element elementor-element-64ca22b1 elementor-position-top elementor-invisible elementor-widget elementor-widget-image-box\" data-id=\"64ca22b1\" data-element_type=\"widget\" data-e-type=\"widget\" data-settings=\"{&quot;_animation&quot;:&quot;zoomIn&quot;,&quot;_animation_delay&quot;:200}\" data-widget_type=\"image-box.default\">\n\t\t\t\t\t<div class=\"elementor-image-box-wrapper\"><figure class=\"elementor-image-box-img\"><a href=\"https:\/\/bronux.de\/?page_id=48\" tabindex=\"-1\"><img decoding=\"async\" width=\"729\" height=\"928\" src=\"https:\/\/bronux.de\/wp-content\/uploads\/2025\/11\/video-title.png\" class=\"attachment-full size-full wp-image-36\" alt=\"\" srcset=\"https:\/\/bronux.de\/wp-content\/uploads\/2025\/11\/video-title.png 729w, https:\/\/bronux.de\/wp-content\/uploads\/2025\/11\/video-title-236x300.png 236w\" sizes=\"(max-width: 729px) 100vw, 729px\" \/><\/a><\/figure><div class=\"elementor-image-box-content\"><h3 class=\"elementor-image-box-title\"><a href=\"https:\/\/bronux.de\/?page_id=48\">Filmmaking<\/a><\/h3><p class=\"elementor-image-box-description\">Hier findest du Kurzvideos und Filme von mir.<\/p><\/div><\/div>\t\t\t\t<\/div>\n\t\t\t\t\t<\/div>\n\t\t\t\t<\/div>\n\t\t<div class=\"elementor-element elementor-element-34f49342 e-flex e-con-boxed wpr-particle-no wpr-jarallax-no wpr-parallax-no wpr-sticky-section-no wpr-equal-height-no e-con e-parent\" data-id=\"34f49342\" data-element_type=\"container\" data-e-type=\"container\">\n\t\t\t\t\t<div class=\"e-con-inner\">\n\t\t<div class=\"elementor-element elementor-element-7cbcfa94 e-flex e-con-boxed wpr-particle-no wpr-jarallax-no wpr-parallax-no wpr-sticky-section-no wpr-equal-height-no elementor-invisible e-con e-child\" data-id=\"7cbcfa94\" data-element_type=\"container\" data-e-type=\"container\" data-settings=\"{&quot;animation&quot;:&quot;slideInLeft&quot;}\">\n\t\t\t\t\t<div class=\"e-con-inner\">\n\t\t\t\t<div class=\"elementor-element elementor-element-7c28979c elementor-widget elementor-widget-image\" data-id=\"7c28979c\" data-element_type=\"widget\" data-e-type=\"widget\" data-widget_type=\"image.default\">\n\t\t\t\t\t\t\t\t\t\t\t\t\t\t\t<img loading=\"lazy\" decoding=\"async\" width=\"768\" height=\"1024\" src=\"https:\/\/bronux.de\/wp-content\/uploads\/2025\/11\/IMG-20250930-WA0034-768x1024.jpg\" class=\"attachment-medium_large size-medium_large wp-image-29\" alt=\"\" srcset=\"https:\/\/bronux.de\/wp-content\/uploads\/2025\/11\/IMG-20250930-WA0034-768x1024.jpg 768w, https:\/\/bronux.de\/wp-content\/uploads\/2025\/11\/IMG-20250930-WA0034-225x300.jpg 225w, https:\/\/bronux.de\/wp-content\/uploads\/2025\/11\/IMG-20250930-WA0034-1152x1536.jpg 1152w, https:\/\/bronux.de\/wp-content\/uploads\/2025\/11\/IMG-20250930-WA0034-1536x2048.jpg 1536w, https:\/\/bronux.de\/wp-content\/uploads\/2025\/11\/IMG-20250930-WA0034-scaled.jpg 1920w\" sizes=\"(max-width: 768px) 100vw, 768px\" \/>\t\t\t\t\t\t\t\t\t\t\t\t\t\t\t<\/div>\n\t\t\t\t\t<\/div>\n\t\t\t\t<\/div>\n\t\t<div class=\"elementor-element elementor-element-22a3862 e-flex e-con-boxed wpr-particle-no wpr-jarallax-no wpr-parallax-no wpr-sticky-section-no wpr-equal-height-no elementor-invisible e-con e-child\" data-id=\"22a3862\" data-element_type=\"container\" data-e-type=\"container\" data-settings=\"{&quot;animation&quot;:&quot;slideInRight&quot;}\">\n\t\t\t\t\t<div class=\"e-con-inner\">\n\t\t\t\t<div class=\"elementor-element elementor-element-79fad546 elementor-widget elementor-widget-heading\" data-id=\"79fad546\" data-element_type=\"widget\" data-e-type=\"widget\" data-widget_type=\"heading.default\">\n\t\t\t\t\t<h2 class=\"elementor-heading-title elementor-size-default\">\u00dcber mich<\/h2>\t\t\t\t<\/div>\n\t\t\t\t<div class=\"elementor-element elementor-element-67e95ee6 elementor-widget elementor-widget-text-editor\" data-id=\"67e95ee6\" data-element_type=\"widget\" data-e-type=\"widget\" data-widget_type=\"text-editor.default\">\n\t\t\t\t\t\t\t\t\t<p>Hallo Webseitenbesucher&#8230; Mein Name ist Robert. Fotografiert und gefilmt habe ich schon seit fr\u00fchester Jugend, aber 2023 habe ich erst angefangen tats\u00e4chlich als Hobbyfotograf zu wirken. Mit einer gebrauchten Canon EOS 500D fing alles an und seit dem sind viele weitere Kameras bei mir eingezogen.<\/p><p>Egal ob analog oder digital, ich versuche mich auf Film und Sensor gleicherma\u00dfen. Dazu habe ich auch ein gewisses Interesse am Film-Making und besitze eine Reihe Camcorder und Filmkameras.<\/p><p>Meine Disziplin ist Architektur und Streetphotography, doch auch Sport fotografiere ich leidenschaftlich. Schau dich gern in meinen Galerien um.<\/p>\t\t\t\t\t\t\t\t<\/div>\n\t\t\t\t\t<\/div>\n\t\t\t\t<\/div>\n\t\t\t\t\t<\/div>\n\t\t\t\t<\/div>\n\t\t\t\t<\/div>\n\t\t","protected":false},"excerpt":{"rendered":"<p>BRONUX Analoge und Digitale Fotografie | Analoge Fotografie Hier findest du eine Auswahl meiner Fotos auf 35mm oder 120mm Film. Digitale Fotografie Hier findest du meine digitalen Galerien. Filmmaking Hier findest du Kurzvideos und Filme von mir. \u00dcber mich Hallo Webseitenbesucher&#8230; Mein Name ist Robert. Fotografiert und gefilmt habe ich schon seit fr\u00fchester Jugend, aber 2023 habe ich erst angefangen tats\u00e4chlich als Hobbyfotograf zu wirken. Mit einer gebrauchten Canon EOS 500D fing alles an und seit dem sind viele weitere Kameras bei mir eingezogen. Egal ob analog oder digital, ich versuche mich auf Film und Sensor gleicherma\u00dfen. Dazu habe ich auch ein gewisses Interesse am Film-Making und besitze eine Reihe Camcorder und Filmkameras. Meine Disziplin ist Architektur und Streetphotography, doch auch Sport fotografiere ich leidenschaftlich. Schau dich gern in meinen Galerien um.<\/p>\n","protected":false},"author":1,"featured_media":0,"parent":0,"menu_order":0,"comment_status":"closed","ping_status":"closed","template":"","meta":{"pgc_sgb_lightbox_settings":"","ocean_post_layout":"full-screen","ocean_both_sidebars_style":"","ocean_both_sidebars_content_width":0,"ocean_both_sidebars_sidebars_width":0,"ocean_sidebar":"","ocean_second_sidebar":"","ocean_disable_margins":"enable","ocean_add_body_class":"","ocean_shortcode_before_top_bar":"","ocean_shortcode_after_top_bar":"","ocean_shortcode_before_header":"","ocean_shortcode_after_header":"","ocean_has_shortcode":"","ocean_shortcode_after_title":"","ocean_shortcode_before_footer_widgets":"","ocean_shortcode_after_footer_widgets":"","ocean_shortcode_before_footer_bottom":"","ocean_shortcode_after_footer_bottom":"","ocean_display_top_bar":"off","ocean_display_header":"default","ocean_header_style":"","ocean_center_header_left_menu":"","ocean_custom_header_template":"","ocean_custom_logo":0,"ocean_custom_retina_logo":0,"ocean_custom_logo_max_width":0,"ocean_custom_logo_tablet_max_width":0,"ocean_custom_logo_mobile_max_width":0,"ocean_custom_logo_max_height":0,"ocean_custom_logo_tablet_max_height":0,"ocean_custom_logo_mobile_max_height":0,"ocean_header_custom_menu":"","ocean_menu_typo_font_family":"","ocean_menu_typo_font_subset":"","ocean_menu_typo_font_size":0,"ocean_menu_typo_font_size_tablet":0,"ocean_menu_typo_font_size_mobile":0,"ocean_menu_typo_font_size_unit":"px","ocean_menu_typo_font_weight":"","ocean_menu_typo_font_weight_tablet":"","ocean_menu_typo_font_weight_mobile":"","ocean_menu_typo_transform":"","ocean_menu_typo_transform_tablet":"","ocean_menu_typo_transform_mobile":"","ocean_menu_typo_line_height":0,"ocean_menu_typo_line_height_tablet":0,"ocean_menu_typo_line_height_mobile":0,"ocean_menu_typo_line_height_unit":"","ocean_menu_typo_spacing":0,"ocean_menu_typo_spacing_tablet":0,"ocean_menu_typo_spacing_mobile":0,"ocean_menu_typo_spacing_unit":"","ocean_menu_link_color":"","ocean_menu_link_color_hover":"","ocean_menu_link_color_active":"","ocean_menu_link_background":"","ocean_menu_link_hover_background":"","ocean_menu_link_active_background":"","ocean_menu_social_links_bg":"","ocean_menu_social_hover_links_bg":"","ocean_menu_social_links_color":"","ocean_menu_social_hover_links_color":"","ocean_disable_title":"on","ocean_disable_heading":"on","ocean_post_title":"","ocean_post_subheading":"","ocean_post_title_style":"","ocean_post_title_background_color":"","ocean_post_title_background":0,"ocean_post_title_bg_image_position":"","ocean_post_title_bg_image_attachment":"","ocean_post_title_bg_image_repeat":"","ocean_post_title_bg_image_size":"","ocean_post_title_height":0,"ocean_post_title_bg_overlay":0.5,"ocean_post_title_bg_overlay_color":"","ocean_disable_breadcrumbs":"default","ocean_breadcrumbs_color":"","ocean_breadcrumbs_separator_color":"","ocean_breadcrumbs_links_color":"","ocean_breadcrumbs_links_hover_color":"","ocean_display_footer_widgets":"off","ocean_display_footer_bottom":"off","ocean_custom_footer_template":"","footnotes":""},"class_list":["post-2","page","type-page","status-publish","hentry","entry"],"yoast_head":"<!-- This site is optimized with the Yoast SEO plugin v27.4 - https:\/\/yoast.com\/product\/yoast-seo-wordpress\/ -->\n<title>Home - Bronux Fotografie<\/title>\n<meta name=\"robots\" content=\"index, follow, max-snippet:-1, max-image-preview:large, max-video-preview:-1\" \/>\n<link rel=\"canonical\" href=\"https:\/\/bronux.de\/\" \/>\n<meta property=\"og:locale\" content=\"de_DE\" \/>\n<meta property=\"og:type\" content=\"article\" \/>\n<meta property=\"og:title\" content=\"Home - Bronux Fotografie\" \/>\n<meta property=\"og:description\" content=\"BRONUX Analoge und Digitale Fotografie | Analoge Fotografie Hier findest du eine Auswahl meiner Fotos auf 35mm oder 120mm Film. Digitale Fotografie Hier findest du meine digitalen Galerien. Filmmaking Hier findest du Kurzvideos und Filme von mir. \u00dcber mich Hallo Webseitenbesucher&#8230; Mein Name ist Robert. Fotografiert und gefilmt habe ich schon seit fr\u00fchester Jugend, aber 2023 habe ich erst angefangen tats\u00e4chlich als Hobbyfotograf zu wirken. Mit einer gebrauchten Canon EOS 500D fing alles an und seit dem sind viele weitere Kameras bei mir eingezogen. Egal ob analog oder digital, ich versuche mich auf Film und Sensor gleicherma\u00dfen. Dazu habe ich auch ein gewisses Interesse am Film-Making und besitze eine Reihe Camcorder und Filmkameras. Meine Disziplin ist Architektur und Streetphotography, doch auch Sport fotografiere ich leidenschaftlich. Schau dich gern in meinen Galerien um.\" \/>\n<meta property=\"og:url\" content=\"https:\/\/bronux.de\/\" \/>\n<meta property=\"og:site_name\" content=\"Bronux Fotografie\" \/>\n<meta property=\"article:modified_time\" content=\"2025-11-05T08:10:46+00:00\" \/>\n<meta property=\"og:image\" content=\"https:\/\/bronux.de\/wp-content\/uploads\/2025\/11\/analog-title.png\" \/>\n\t<meta property=\"og:image:width\" content=\"729\" \/>\n\t<meta property=\"og:image:height\" content=\"928\" \/>\n\t<meta property=\"og:image:type\" content=\"image\/png\" \/>\n<meta name=\"twitter:card\" content=\"summary_large_image\" \/>\n<meta name=\"twitter:label1\" content=\"Gesch\u00e4tzte Lesezeit\" \/>\n\t<meta name=\"twitter:data1\" content=\"2\u00a0Minuten\" \/>\n<script type=\"application\/ld+json\" class=\"yoast-schema-graph\">{\"@context\":\"https:\\\/\\\/schema.org\",\"@graph\":[{\"@type\":\"WebPage\",\"@id\":\"https:\\\/\\\/bronux.de\\\/\",\"url\":\"https:\\\/\\\/bronux.de\\\/\",\"name\":\"Home - Bronux Fotografie\",\"isPartOf\":{\"@id\":\"https:\\\/\\\/bronux.de\\\/#website\"},\"primaryImageOfPage\":{\"@id\":\"https:\\\/\\\/bronux.de\\\/#primaryimage\"},\"image\":{\"@id\":\"https:\\\/\\\/bronux.de\\\/#primaryimage\"},\"thumbnailUrl\":\"https:\\\/\\\/bronux.de\\\/wp-content\\\/uploads\\\/2025\\\/11\\\/analog-title.png\",\"datePublished\":\"2025-11-05T06:27:13+00:00\",\"dateModified\":\"2025-11-05T08:10:46+00:00\",\"breadcrumb\":{\"@id\":\"https:\\\/\\\/bronux.de\\\/#breadcrumb\"},\"inLanguage\":\"de\",\"potentialAction\":[{\"@type\":\"ReadAction\",\"target\":[\"https:\\\/\\\/bronux.de\\\/\"]}]},{\"@type\":\"ImageObject\",\"inLanguage\":\"de\",\"@id\":\"https:\\\/\\\/bronux.de\\\/#primaryimage\",\"url\":\"https:\\\/\\\/bronux.de\\\/wp-content\\\/uploads\\\/2025\\\/11\\\/analog-title.png\",\"contentUrl\":\"https:\\\/\\\/bronux.de\\\/wp-content\\\/uploads\\\/2025\\\/11\\\/analog-title.png\",\"width\":729,\"height\":928},{\"@type\":\"BreadcrumbList\",\"@id\":\"https:\\\/\\\/bronux.de\\\/#breadcrumb\",\"itemListElement\":[{\"@type\":\"ListItem\",\"position\":1,\"name\":\"Startseite\",\"item\":\"https:\\\/\\\/bronux.de\\\/\"},{\"@type\":\"ListItem\",\"position\":2,\"name\":\"Home\"}]},{\"@type\":\"WebSite\",\"@id\":\"https:\\\/\\\/bronux.de\\\/#website\",\"url\":\"https:\\\/\\\/bronux.de\\\/\",\"name\":\"Bronux Fotografie\",\"description\":\"Analoge- und Digitale Fotografie\",\"publisher\":{\"@id\":\"https:\\\/\\\/bronux.de\\\/#organization\"},\"potentialAction\":[{\"@type\":\"SearchAction\",\"target\":{\"@type\":\"EntryPoint\",\"urlTemplate\":\"https:\\\/\\\/bronux.de\\\/?s={search_term_string}\"},\"query-input\":{\"@type\":\"PropertyValueSpecification\",\"valueRequired\":true,\"valueName\":\"search_term_string\"}}],\"inLanguage\":\"de\"},{\"@type\":\"Organization\",\"@id\":\"https:\\\/\\\/bronux.de\\\/#organization\",\"name\":\"Bronux Fotografie\",\"url\":\"https:\\\/\\\/bronux.de\\\/\",\"logo\":{\"@type\":\"ImageObject\",\"inLanguage\":\"de\",\"@id\":\"https:\\\/\\\/bronux.de\\\/#\\\/schema\\\/logo\\\/image\\\/\",\"url\":\"https:\\\/\\\/bronux.de\\\/wp-content\\\/uploads\\\/2025\\\/11\\\/cropped-logo_BRONUX.png\",\"contentUrl\":\"https:\\\/\\\/bronux.de\\\/wp-content\\\/uploads\\\/2025\\\/11\\\/cropped-logo_BRONUX.png\",\"width\":1080,\"height\":295,\"caption\":\"Bronux Fotografie\"},\"image\":{\"@id\":\"https:\\\/\\\/bronux.de\\\/#\\\/schema\\\/logo\\\/image\\\/\"}}]}<\/script>\n<!-- \/ Yoast SEO plugin. -->","yoast_head_json":{"title":"Home - Bronux Fotografie","robots":{"index":"index","follow":"follow","max-snippet":"max-snippet:-1","max-image-preview":"max-image-preview:large","max-video-preview":"max-video-preview:-1"},"canonical":"https:\/\/bronux.de\/","og_locale":"de_DE","og_type":"article","og_title":"Home - Bronux Fotografie","og_description":"BRONUX Analoge und Digitale Fotografie | Analoge Fotografie Hier findest du eine Auswahl meiner Fotos auf 35mm oder 120mm Film. Digitale Fotografie Hier findest du meine digitalen Galerien. Filmmaking Hier findest du Kurzvideos und Filme von mir. \u00dcber mich Hallo Webseitenbesucher&#8230; Mein Name ist Robert. Fotografiert und gefilmt habe ich schon seit fr\u00fchester Jugend, aber 2023 habe ich erst angefangen tats\u00e4chlich als Hobbyfotograf zu wirken. Mit einer gebrauchten Canon EOS 500D fing alles an und seit dem sind viele weitere Kameras bei mir eingezogen. Egal ob analog oder digital, ich versuche mich auf Film und Sensor gleicherma\u00dfen. Dazu habe ich auch ein gewisses Interesse am Film-Making und besitze eine Reihe Camcorder und Filmkameras. Meine Disziplin ist Architektur und Streetphotography, doch auch Sport fotografiere ich leidenschaftlich. Schau dich gern in meinen Galerien um.","og_url":"https:\/\/bronux.de\/","og_site_name":"Bronux Fotografie","article_modified_time":"2025-11-05T08:10:46+00:00","og_image":[{"width":729,"height":928,"url":"https:\/\/bronux.de\/wp-content\/uploads\/2025\/11\/analog-title.png","type":"image\/png"}],"twitter_card":"summary_large_image","twitter_misc":{"Gesch\u00e4tzte Lesezeit":"2\u00a0Minuten"},"schema":{"@context":"https:\/\/schema.org","@graph":[{"@type":"WebPage","@id":"https:\/\/bronux.de\/","url":"https:\/\/bronux.de\/","name":"Home - Bronux Fotografie","isPartOf":{"@id":"https:\/\/bronux.de\/#website"},"primaryImageOfPage":{"@id":"https:\/\/bronux.de\/#primaryimage"},"image":{"@id":"https:\/\/bronux.de\/#primaryimage"},"thumbnailUrl":"https:\/\/bronux.de\/wp-content\/uploads\/2025\/11\/analog-title.png","datePublished":"2025-11-05T06:27:13+00:00","dateModified":"2025-11-05T08:10:46+00:00","breadcrumb":{"@id":"https:\/\/bronux.de\/#breadcrumb"},"inLanguage":"de","potentialAction":[{"@type":"ReadAction","target":["https:\/\/bronux.de\/"]}]},{"@type":"ImageObject","inLanguage":"de","@id":"https:\/\/bronux.de\/#primaryimage","url":"https:\/\/bronux.de\/wp-content\/uploads\/2025\/11\/analog-title.png","contentUrl":"https:\/\/bronux.de\/wp-content\/uploads\/2025\/11\/analog-title.png","width":729,"height":928},{"@type":"BreadcrumbList","@id":"https:\/\/bronux.de\/#breadcrumb","itemListElement":[{"@type":"ListItem","position":1,"name":"Startseite","item":"https:\/\/bronux.de\/"},{"@type":"ListItem","position":2,"name":"Home"}]},{"@type":"WebSite","@id":"https:\/\/bronux.de\/#website","url":"https:\/\/bronux.de\/","name":"Bronux Fotografie","description":"Analoge- und Digitale Fotografie","publisher":{"@id":"https:\/\/bronux.de\/#organization"},"potentialAction":[{"@type":"SearchAction","target":{"@type":"EntryPoint","urlTemplate":"https:\/\/bronux.de\/?s={search_term_string}"},"query-input":{"@type":"PropertyValueSpecification","valueRequired":true,"valueName":"search_term_string"}}],"inLanguage":"de"},{"@type":"Organization","@id":"https:\/\/bronux.de\/#organization","name":"Bronux Fotografie","url":"https:\/\/bronux.de\/","logo":{"@type":"ImageObject","inLanguage":"de","@id":"https:\/\/bronux.de\/#\/schema\/logo\/image\/","url":"https:\/\/bronux.de\/wp-content\/uploads\/2025\/11\/cropped-logo_BRONUX.png","contentUrl":"https:\/\/bronux.de\/wp-content\/uploads\/2025\/11\/cropped-logo_BRONUX.png","width":1080,"height":295,"caption":"Bronux Fotografie"},"image":{"@id":"https:\/\/bronux.de\/#\/schema\/logo\/image\/"}}]}},"_links":{"self":[{"href":"https:\/\/bronux.de\/index.php?rest_route=\/wp\/v2\/pages\/2","targetHints":{"allow":["GET"]}}],"collection":[{"href":"https:\/\/bronux.de\/index.php?rest_route=\/wp\/v2\/pages"}],"about":[{"href":"https:\/\/bronux.de\/index.php?rest_route=\/wp\/v2\/types\/page"}],"author":[{"embeddable":true,"href":"https:\/\/bronux.de\/index.php?rest_route=\/wp\/v2\/users\/1"}],"replies":[{"embeddable":true,"href":"https:\/\/bronux.de\/index.php?rest_route=%2Fwp%2Fv2%2Fcomments&post=2"}],"version-history":[{"count":26,"href":"https:\/\/bronux.de\/index.php?rest_route=\/wp\/v2\/pages\/2\/revisions"}],"predecessor-version":[{"id":58,"href":"https:\/\/bronux.de\/index.php?rest_route=\/wp\/v2\/pages\/2\/revisions\/58"}],"wp:attachment":[{"href":"https:\/\/bronux.de\/index.php?rest_route=%2Fwp%2Fv2%2Fmedia&parent=2"}],"curies":[{"name":"wp","href":"https:\/\/api.w.org\/{rel}","templated":true}]}}